{"id":562,"date":"2025-10-19T18:37:05","date_gmt":"2025-10-19T15:37:05","guid":{"rendered":"https:\/\/www.investineskisehir.gov.tr\/yatirim-bolgeleri\/industrial-zones\/"},"modified":"2025-11-12T08:23:33","modified_gmt":"2025-11-12T05:23:33","slug":"eskisehir-teknoloji-gelistirme-bolgesi","status":"publish","type":"page","link":"https:\/\/investineskisehir.gov.tr\/tr\/yatirim-bolgeleri\/eskisehir-teknoloji-gelistirme-bolgesi\/","title":{"rendered":"Eski\u015fehir Teknoloji Geli\u015ftirme B\u00f6lgesi"},"content":{"rendered":"","protected":false},"excerpt":{"rendered":"","protected":false},"author":1,"featured_media":-1,"parent":550,"menu_order":0,"comment_status":"closed","ping_status":"closed","template":"","meta":{"footnotes":""},"class_list":["post-562","page","type-page","status-publish","has-post-thumbnail","hentry"],"_links":{"self":[{"href":"https:\/\/investineskisehir.gov.tr\/tr\/wp-json\/wp\/v2\/pages\/562","targetHints":{"allow":["GET"]}}],"collection":[{"href":"https:\/\/investineskisehir.gov.tr\/tr\/wp-json\/wp\/v2\/pages"}],"about":[{"href":"https:\/\/investineskisehir.gov.tr\/tr\/wp-json\/wp\/v2\/types\/page"}],"author":[{"embeddable":true,"href":"https:\/\/investineskisehir.gov.tr\/tr\/wp-json\/wp\/v2\/users\/1"}],"replies":[{"embeddable":true,"href":"https:\/\/investineskisehir.gov.tr\/tr\/wp-json\/wp\/v2\/comments?post=562"}],"version-history":[{"count":2,"href":"https:\/\/investineskisehir.gov.tr\/tr\/wp-json\/wp\/v2\/pages\/562\/revisions"}],"predecessor-version":[{"id":693,"href":"https:\/\/investineskisehir.gov.tr\/tr\/wp-json\/wp\/v2\/pages\/562\/revisions\/693"}],"up":[{"embeddable":true,"href":"https:\/\/investineskisehir.gov.tr\/tr\/wp-json\/wp\/v2\/pages\/550"}],"wp:featuredmedia":[{"embeddable":true,"href":"https:\/\/investineskisehir.gov.tr\/tr\/wp-json\/"}],"wp:attachment":[{"href":"https:\/\/investineskisehir.gov.tr\/tr\/wp-json\/wp\/v2\/media?parent=562"}],"curies":[{"name":"wp","href":"https:\/\/api.w.org\/{rel}","templated":true}]}}