{"id":559,"date":"2025-10-19T18:36:44","date_gmt":"2025-10-19T15:36:44","guid":{"rendered":"https:\/\/www.investineskisehir.gov.tr\/yatirim-bolgeleri\/free-zones\/"},"modified":"2025-11-12T08:23:12","modified_gmt":"2025-11-12T05:23:12","slug":"beylikova-tarima-dayali-ihtisas-besi-osb","status":"publish","type":"page","link":"https:\/\/investineskisehir.gov.tr\/tr\/yatirim-bolgeleri\/beylikova-tarima-dayali-ihtisas-besi-osb\/","title":{"rendered":"Beylikova Tar\u0131ma Dayal\u0131 \u0130htisas Besi OSB"},"content":{"rendered":"","protected":false},"excerpt":{"rendered":"","protected":false},"author":1,"featured_media":0,"parent":550,"menu_order":0,"comment_status":"closed","ping_status":"closed","template":"","meta":{"footnotes":""},"class_list":["post-559","page","type-page","status-publish","hentry"],"_links":{"self":[{"href":"https:\/\/investineskisehir.gov.tr\/tr\/wp-json\/wp\/v2\/pages\/559","targetHints":{"allow":["GET"]}}],"collection":[{"href":"https:\/\/investineskisehir.gov.tr\/tr\/wp-json\/wp\/v2\/pages"}],"about":[{"href":"https:\/\/investineskisehir.gov.tr\/tr\/wp-json\/wp\/v2\/types\/page"}],"author":[{"embeddable":true,"href":"https:\/\/investineskisehir.gov.tr\/tr\/wp-json\/wp\/v2\/users\/1"}],"replies":[{"embeddable":true,"href":"https:\/\/investineskisehir.gov.tr\/tr\/wp-json\/wp\/v2\/comments?post=559"}],"version-history":[{"count":2,"href":"https:\/\/investineskisehir.gov.tr\/tr\/wp-json\/wp\/v2\/pages\/559\/revisions"}],"predecessor-version":[{"id":692,"href":"https:\/\/investineskisehir.gov.tr\/tr\/wp-json\/wp\/v2\/pages\/559\/revisions\/692"}],"up":[{"embeddable":true,"href":"https:\/\/investineskisehir.gov.tr\/tr\/wp-json\/wp\/v2\/pages\/550"}],"wp:attachment":[{"href":"https:\/\/investineskisehir.gov.tr\/tr\/wp-json\/wp\/v2\/media?parent=559"}],"curies":[{"name":"wp","href":"https:\/\/api.w.org\/{rel}","templated":true}]}}