{"id":524,"date":"2025-10-08T20:38:50","date_gmt":"2025-10-08T17:38:50","guid":{"rendered":"https:\/\/www.investineskisehir.gov.tr\/anahtar-sektorler\/automotive-main-and-sub-industry\/"},"modified":"2025-11-12T08:20:59","modified_gmt":"2025-11-12T05:20:59","slug":"rayli-sistemler-sanayi","status":"publish","type":"page","link":"https:\/\/investineskisehir.gov.tr\/tr\/anahtar-sektorler\/rayli-sistemler-sanayi\/","title":{"rendered":"Rayl\u0131 Sistemler Sekt\u00f6r\u00fc"},"content":{"rendered":"","protected":false},"excerpt":{"rendered":"","protected":false},"author":1,"featured_media":-1,"parent":516,"menu_order":0,"comment_status":"closed","ping_status":"closed","template":"","meta":{"footnotes":""},"class_list":["post-524","page","type-page","status-publish","has-post-thumbnail","hentry"],"_links":{"self":[{"href":"https:\/\/investineskisehir.gov.tr\/tr\/wp-json\/wp\/v2\/pages\/524","targetHints":{"allow":["GET"]}}],"collection":[{"href":"https:\/\/investineskisehir.gov.tr\/tr\/wp-json\/wp\/v2\/pages"}],"about":[{"href":"https:\/\/investineskisehir.gov.tr\/tr\/wp-json\/wp\/v2\/types\/page"}],"author":[{"embeddable":true,"href":"https:\/\/investineskisehir.gov.tr\/tr\/wp-json\/wp\/v2\/users\/1"}],"replies":[{"embeddable":true,"href":"https:\/\/investineskisehir.gov.tr\/tr\/wp-json\/wp\/v2\/comments?post=524"}],"version-history":[{"count":4,"href":"https:\/\/investineskisehir.gov.tr\/tr\/wp-json\/wp\/v2\/pages\/524\/revisions"}],"predecessor-version":[{"id":757,"href":"https:\/\/investineskisehir.gov.tr\/tr\/wp-json\/wp\/v2\/pages\/524\/revisions\/757"}],"up":[{"embeddable":true,"href":"https:\/\/investineskisehir.gov.tr\/tr\/wp-json\/wp\/v2\/pages\/516"}],"wp:featuredmedia":[{"embeddable":true,"href":"https:\/\/investineskisehir.gov.tr\/tr\/wp-json\/"}],"wp:attachment":[{"href":"https:\/\/investineskisehir.gov.tr\/tr\/wp-json\/wp\/v2\/media?parent=524"}],"curies":[{"name":"wp","href":"https:\/\/api.w.org\/{rel}","templated":true}]}}