{"id":512,"date":"2024-09-25T08:52:59","date_gmt":"2024-09-25T05:52:59","guid":{"rendered":"https:\/\/www.investineskisehir.gov.tr\/why-bursa\/"},"modified":"2025-11-25T10:43:30","modified_gmt":"2025-11-25T07:43:30","slug":"neden-eskisehir","status":"publish","type":"page","link":"https:\/\/investineskisehir.gov.tr\/tr\/neden-eskisehir\/","title":{"rendered":"NEDEN ESK\u0130\u015eEH\u0130R"},"content":{"rendered":"","protected":false},"excerpt":{"rendered":"","protected":false},"author":1,"featured_media":-1,"parent":0,"menu_order":0,"comment_status":"open","ping_status":"closed","template":"","meta":{"footnotes":""},"class_list":["post-512","page","type-page","status-publish","has-post-thumbnail","hentry"],"_links":{"self":[{"href":"https:\/\/investineskisehir.gov.tr\/tr\/wp-json\/wp\/v2\/pages\/512","targetHints":{"allow":["GET"]}}],"collection":[{"href":"https:\/\/investineskisehir.gov.tr\/tr\/wp-json\/wp\/v2\/pages"}],"about":[{"href":"https:\/\/investineskisehir.gov.tr\/tr\/wp-json\/wp\/v2\/types\/page"}],"author":[{"embeddable":true,"href":"https:\/\/investineskisehir.gov.tr\/tr\/wp-json\/wp\/v2\/users\/1"}],"replies":[{"embeddable":true,"href":"https:\/\/investineskisehir.gov.tr\/tr\/wp-json\/wp\/v2\/comments?post=512"}],"version-history":[{"count":5,"href":"https:\/\/investineskisehir.gov.tr\/tr\/wp-json\/wp\/v2\/pages\/512\/revisions"}],"predecessor-version":[{"id":681,"href":"https:\/\/investineskisehir.gov.tr\/tr\/wp-json\/wp\/v2\/pages\/512\/revisions\/681"}],"wp:featuredmedia":[{"embeddable":true,"href":"https:\/\/investineskisehir.gov.tr\/tr\/wp-json\/"}],"wp:attachment":[{"href":"https:\/\/investineskisehir.gov.tr\/tr\/wp-json\/wp\/v2\/media?parent=512"}],"curies":[{"name":"wp","href":"https:\/\/api.w.org\/{rel}","templated":true}]}}