{"id":504,"date":"2024-09-25T08:54:32","date_gmt":"2024-09-25T05:54:32","guid":{"rendered":"https:\/\/www.investineskisehir.gov.tr\/contact\/"},"modified":"2025-10-21T21:58:18","modified_gmt":"2025-10-21T18:58:18","slug":"iletisim","status":"publish","type":"page","link":"https:\/\/investineskisehir.gov.tr\/tr\/iletisim\/","title":{"rendered":"\u0130LET\u0130\u015e\u0130M"},"content":{"rendered":"","protected":false},"excerpt":{"rendered":"","protected":false},"author":1,"featured_media":-1,"parent":0,"menu_order":0,"comment_status":"open","ping_status":"closed","template":"","meta":{"footnotes":""},"class_list":["post-504","page","type-page","status-publish","has-post-thumbnail","hentry"],"_links":{"self":[{"href":"https:\/\/investineskisehir.gov.tr\/tr\/wp-json\/wp\/v2\/pages\/504","targetHints":{"allow":["GET"]}}],"collection":[{"href":"https:\/\/investineskisehir.gov.tr\/tr\/wp-json\/wp\/v2\/pages"}],"about":[{"href":"https:\/\/investineskisehir.gov.tr\/tr\/wp-json\/wp\/v2\/types\/page"}],"author":[{"embeddable":true,"href":"https:\/\/investineskisehir.gov.tr\/tr\/wp-json\/wp\/v2\/users\/1"}],"replies":[{"embeddable":true,"href":"https:\/\/investineskisehir.gov.tr\/tr\/wp-json\/wp\/v2\/comments?post=504"}],"version-history":[{"count":1,"href":"https:\/\/investineskisehir.gov.tr\/tr\/wp-json\/wp\/v2\/pages\/504\/revisions"}],"predecessor-version":[{"id":505,"href":"https:\/\/investineskisehir.gov.tr\/tr\/wp-json\/wp\/v2\/pages\/504\/revisions\/505"}],"wp:featuredmedia":[{"embeddable":true,"href":"https:\/\/investineskisehir.gov.tr\/tr\/wp-json\/"}],"wp:attachment":[{"href":"https:\/\/investineskisehir.gov.tr\/tr\/wp-json\/wp\/v2\/media?parent=504"}],"curies":[{"name":"wp","href":"https:\/\/api.w.org\/{rel}","templated":true}]}}